{"id":2,"date":"2019-08-25T13:40:00","date_gmt":"2019-08-25T13:40:00","guid":{"rendered":"https:\/\/apscience.org\/?page_id=2"},"modified":"2020-02-17T10:31:33","modified_gmt":"2020-02-17T09:31:33","slug":"sample-page","status":"publish","type":"page","link":"https:\/\/apscience.org\/fr\/","title":{"rendered":"Ou le business rencontre la science"},"content":{"rendered":"<h2 class=\"wp-block-heading\"> <strong>\u00c0 propos d'APScience<\/strong> <\/h2>\n\n\n\n<p>APSCI est une organisation caritative non gouvernementale visant \u00e0 promouvoir la science et l'innovation. Il a \u00e9t\u00e9 cr\u00e9\u00e9 dans la ville de Lyon dans le sud de la France en 2011.  <\/p>\n\n\n\n<p>Tout est parti d'une rencontre al\u00e9atoire de deux scientifiques en restaurant dans un petit village de Charbonni\u00e8res et ce fut le point de d\u00e9part de l'id\u00e9e de cr\u00e9er l'association de promotion de la science et de l'innovation. Au cours des mois suivants, plusieurs r\u00e9unions suppl\u00e9mentaires ont suivi. De nombreux autres membres se sont joints et ont partag\u00e9 des id\u00e9es et un enthousiasme similaires. L'association cr\u00e9\u00e9e en 2011 est aujourd'hui un groupe de scientifiques de diff\u00e9rents pays et cultures, anim\u00e9s par la volont\u00e9 de diffuser les connaissances scientifiques l\u00e0 o\u00f9 elles ne sont pas ou plus diffus\u00e9es. <\/p>\n\n\n\n<p>Ceci est l'\u00e9nonc\u00e9 de mission de l'APSCI<\/p>\n\n\n\n<h2 class=\"wp-block-heading\">\u00c9v\u00e9nements commerciaux et \u00e9ducatifs<\/h2>\n\n\n\n<p>C'est pourquoi APSscience organise une s\u00e9rie d'\u00e9v\u00e9nements \u00e9ducatifs pour combler le foss\u00e9 entre la science, l'innovation et les affaires pr\u00e9cis\u00e9ment l\u00e0 o\u00f9 les institutions scientifiques appropri\u00e9es ont disparu\u2026. La liste compl\u00e8te des \u00e9v\u00e9nements actuels peut \u00eatre trouv\u00e9e ici: <strong><a href=\"https:\/\/apscience.org\/fr\/events\/\">EVENTS LIST<\/a><\/strong>.<\/p>\n\n\n\n<h2 class=\"wp-block-heading\">Dole 2020 Ouverture du \"City Campus # 1\"<\/h2>\n\n\n\n<p>City Campus is an idea to bring university-level education to local communities across France and facilitate access to word leading scientist and academics through a series of Conferences and Master Classes, Colloquiums and  Consultation Events. Our first &#8220;City Campus&#8221; is now open in Dole in in the heart of the region burgundy franche-comt\u00e9 (France). Our first City Campus is in Dole, the birth place of great French scientist Louis Pasteur (<a href=\"https:\/\/apscience.org\/fr\/venues\/dole-france\/\">Dole<\/a>).<\/p>","protected":false},"excerpt":{"rendered":"<p>About APScience APSCI is a non governmental charitable organisation aiming to promote science and innovation. It was established in city of Lyon in south France in 2011. All started from a random meeting of two scientist in restaurant in a small village of Charbonnieres and it was the starting point of the idea to create [&hellip;]<\/p>","protected":false},"author":1,"featured_media":0,"parent":0,"menu_order":0,"comment_status":"closed","ping_status":"open","template":"","meta":{"footnotes":""},"class_list":["post-2","page","type-page","status-publish","hentry"],"_links":{"self":[{"href":"https:\/\/apscience.org\/fr\/wp-json\/wp\/v2\/pages\/2","targetHints":{"allow":["GET"]}}],"collection":[{"href":"https:\/\/apscience.org\/fr\/wp-json\/wp\/v2\/pages"}],"about":[{"href":"https:\/\/apscience.org\/fr\/wp-json\/wp\/v2\/types\/page"}],"author":[{"embeddable":true,"href":"https:\/\/apscience.org\/fr\/wp-json\/wp\/v2\/users\/1"}],"replies":[{"embeddable":true,"href":"https:\/\/apscience.org\/fr\/wp-json\/wp\/v2\/comments?post=2"}],"version-history":[{"count":17,"href":"https:\/\/apscience.org\/fr\/wp-json\/wp\/v2\/pages\/2\/revisions"}],"predecessor-version":[{"id":123,"href":"https:\/\/apscience.org\/fr\/wp-json\/wp\/v2\/pages\/2\/revisions\/123"}],"wp:attachment":[{"href":"https:\/\/apscience.org\/fr\/wp-json\/wp\/v2\/media?parent=2"}],"curies":[{"name":"wp","href":"https:\/\/api.w.org\/{rel}","templated":true}]}}