{"id":42,"date":"2020-01-28T15:40:17","date_gmt":"2020-01-28T14:40:17","guid":{"rendered":"https:\/\/apscience.org\/registration-cancelled\/"},"modified":"2020-02-14T18:07:52","modified_gmt":"2020-02-14T17:07:52","slug":"registration-cancelled","status":"publish","type":"page","link":"https:\/\/apscience.org\/fr\/registration-cancelled\/","title":{"rendered":"Registration Cancelled"},"content":{"rendered":"<p style=\"text-align: center;\"><p class=\"ee-registrations-cancelled-pg ee-attention\">Toutes les informations d&#039;inscription non enregistr\u00e9es lors de cette session ont \u00e9t\u00e9 supprim\u00e9es.<\/p><\/p>","protected":false},"excerpt":{"rendered":"","protected":false},"author":1,"featured_media":0,"parent":0,"menu_order":0,"comment_status":"closed","ping_status":"closed","template":"","meta":{"footnotes":""},"class_list":["post-42","page","type-page","status-publish","hentry"],"_links":{"self":[{"href":"https:\/\/apscience.org\/fr\/wp-json\/wp\/v2\/pages\/42","targetHints":{"allow":["GET"]}}],"collection":[{"href":"https:\/\/apscience.org\/fr\/wp-json\/wp\/v2\/pages"}],"about":[{"href":"https:\/\/apscience.org\/fr\/wp-json\/wp\/v2\/types\/page"}],"author":[{"embeddable":true,"href":"https:\/\/apscience.org\/fr\/wp-json\/wp\/v2\/users\/1"}],"replies":[{"embeddable":true,"href":"https:\/\/apscience.org\/fr\/wp-json\/wp\/v2\/comments?post=42"}],"version-history":[{"count":1,"href":"https:\/\/apscience.org\/fr\/wp-json\/wp\/v2\/pages\/42\/revisions"}],"predecessor-version":[{"id":85,"href":"https:\/\/apscience.org\/fr\/wp-json\/wp\/v2\/pages\/42\/revisions\/85"}],"wp:attachment":[{"href":"https:\/\/apscience.org\/fr\/wp-json\/wp\/v2\/media?parent=42"}],"curies":[{"name":"wp","href":"https:\/\/api.w.org\/{rel}","templated":true}]}}